{"id":1602,"date":"2017-03-24T05:15:42","date_gmt":"2017-03-24T05:15:42","guid":{"rendered":"https:\/\/www.nagico.com\/?page_id=1602\/"},"modified":"2017-11-04T11:17:29","modified_gmt":"2017-11-04T11:17:29","slug":"home-2","status":"publish","type":"page","link":"https:\/\/www.nagico.com\/fr\/","title":{"rendered":"Home"},"content":{"rendered":"<p>NAGICO Group existe depuis 1982 et fournit une myriade de assurances de biens et de sinistres ainsi que des produits de vie et des solutions de risque \u00e0 ses clients, qui sont situ\u00e9s dans les Cara\u00efbes; c\u2019est un groupe dynamique et polyvalent.<\/p>\n","protected":false},"excerpt":{"rendered":"<p>NAGICO Group existe depuis 1982 et fournit une myriade de assurances de biens et de sinistres ainsi que des produits de vie et des solutions de risque \u00e0 ses clients, qui sont situ\u00e9s dans les Cara\u00efbes; c\u2019est un groupe dynamique et polyvalent.<\/p>\n","protected":false},"author":2,"featured_media":0,"parent":0,"menu_order":0,"comment_status":"closed","ping_status":"closed","template":"template-home.php","meta":{"_eb_attr":"","_uf_show_specific_survey":0,"_uf_disable_surveys":false,"footnotes":""},"class_list":["post-1602","page","type-page","status-publish","hentry"],"_links":{"self":[{"href":"https:\/\/www.nagico.com\/fr\/wp-json\/wp\/v2\/pages\/1602","targetHints":{"allow":["GET"]}}],"collection":[{"href":"https:\/\/www.nagico.com\/fr\/wp-json\/wp\/v2\/pages"}],"about":[{"href":"https:\/\/www.nagico.com\/fr\/wp-json\/wp\/v2\/types\/page"}],"author":[{"embeddable":true,"href":"https:\/\/www.nagico.com\/fr\/wp-json\/wp\/v2\/users\/2"}],"replies":[{"embeddable":true,"href":"https:\/\/www.nagico.com\/fr\/wp-json\/wp\/v2\/comments?post=1602"}],"version-history":[{"count":20,"href":"https:\/\/www.nagico.com\/fr\/wp-json\/wp\/v2\/pages\/1602\/revisions"}],"predecessor-version":[{"id":2486,"href":"https:\/\/www.nagico.com\/fr\/wp-json\/wp\/v2\/pages\/1602\/revisions\/2486"}],"wp:attachment":[{"href":"https:\/\/www.nagico.com\/fr\/wp-json\/wp\/v2\/media?parent=1602"}],"curies":[{"name":"wp","href":"https:\/\/api.w.org\/{rel}","templated":true}]}}