{"id":1215,"date":"2017-03-24T05:16:51","date_gmt":"2017-03-24T05:16:51","guid":{"rendered":"https:\/\/www.nagico.com\/contact\/"},"modified":"2017-08-28T14:30:30","modified_gmt":"2017-08-28T14:30:30","slug":"contact","status":"publish","type":"page","link":"https:\/\/www.nagico.com\/fr\/contact\/","title":{"rendered":"Contact"},"content":{"rendered":"<script type=\"text\/javascript\">var gform;gform||(document.addEventListener(\"gform_main_scripts_loaded\",function(){gform.scriptsLoaded=!0}),window.addEventListener(\"DOMContentLoaded\",function(){gform.domLoaded=!0}),gform={domLoaded:!1,scriptsLoaded:!1,initializeOnLoaded:function(o){gform.domLoaded&&gform.scriptsLoaded?o():!gform.domLoaded&&gform.scriptsLoaded?window.addEventListener(\"DOMContentLoaded\",o):document.addEventListener(\"gform_main_scripts_loaded\",o)},hooks:{action:{},filter:{}},addAction:function(o,n,r,t){gform.addHook(\"action\",o,n,r,t)},addFilter:function(o,n,r,t){gform.addHook(\"filter\",o,n,r,t)},doAction:function(o){gform.doHook(\"action\",o,arguments)},applyFilters:function(o){return gform.doHook(\"filter\",o,arguments)},removeAction:function(o,n){gform.removeHook(\"action\",o,n)},removeFilter:function(o,n,r){gform.removeHook(\"filter\",o,n,r)},addHook:function(o,n,r,t,i){null==gform.hooks[o][n]&&(gform.hooks[o][n]=[]);var e=gform.hooks[o][n];null==i&&(i=n+\"_\"+e.length),gform.hooks[o][n].push({tag:i,callable:r,priority:t=null==t?10:t})},doHook:function(n,o,r){var t;if(r=Array.prototype.slice.call(r,1),null!=gform.hooks[n][o]&&((o=gform.hooks[n][o]).sort(function(o,n){return o.priority-n.priority}),o.forEach(function(o){\"function\"!=typeof(t=o.callable)&&(t=window[t]),\"action\"==n?t.apply(null,r):r[0]=t.apply(null,r)})),\"filter\"==n)return r[0]},removeHook:function(o,n,t,i){var r;null!=gform.hooks[o][n]&&(r=(r=gform.hooks[o][n]).filter(function(o,n,r){return!!(null!=i&&i!=o.tag||null!=t&&t!=o.priority)}),gform.hooks[o][n]=r)}});<\/script>\n                <div class='gf_browser_gecko gform_wrapper gform_legacy_markup_wrapper gform-theme--no-framework' data-form-theme='legacy' data-form-index='0' id='gform_wrapper_8' style='display:none'><div id='gf_8' class='gform_anchor' tabindex='-1'><\/div><form method='post' enctype='multipart\/form-data' target='gform_ajax_frame_8' id='gform_8'  action='\/fr\/wp-json\/wp\/v2\/pages\/1215#gf_8' data-formid='8' >\n                        <div class='gform-body gform_body'><ul id='gform_fields_8' class='gform_fields top_label form_sublabel_below description_below'><li id=\"field_8_6\"  class=\"gfield gfield--type-select hide_lbl gfield_contains_required field_sublabel_below gfield--no-description field_description_below gfield_visibility_visible\"  data-js-reload=\"field_8_6\"><label class='gfield_label gform-field-label' for='input_8_6' >Type of feedback<span class=\"gfield_required\"><span class=\"gfield_required gfield_required_asterisk\">*<\/span><\/span><\/label><div class='ginput_container ginput_container_select'><select name='input_6' id='input_8_6' class='large gfield_select'    aria-required=\"true\" aria-invalid=\"false\" ><option value='' selected='selected' class='gf_placeholder'>Type of feedback<\/option><option value='General Feedback' >General Feedback<\/option><option value='Complaint' >Complaint<\/option><option value='Request a Quote' >Request a Quote<\/option><option value='Renew my Policy' >Renew my Policy<\/option><option value='Notify us of a claim' >Notify us of a claim<\/option><option value='Submit claim documents' >Submit claim documents<\/option><\/select><\/div><\/li><li id=\"field_8_1\"  class=\"gfield gfield--type-select territory-selection gfield_contains_required field_sublabel_below gfield--no-description field_description_below gfield_visibility_visible\"  data-js-reload=\"field_8_1\"><label class='gfield_label gform-field-label' for='input_8_1' >Select your NAGICO territory<span class=\"gfield_required\"><span class=\"gfield_required gfield_required_asterisk\">*<\/span><\/span><\/label><div class='ginput_container ginput_container_select'><select name='input_1' id='input_8_1' class='large gfield_select'    aria-required=\"true\" aria-invalid=\"false\" ><option value='' selected='selected' class='gf_placeholder'>Select your NAGICO territory<\/option><option value='Anguilla' >Anguilla<\/option><option value='Antigua' >Antigua<\/option><option value='Aruba' >Aruba<\/option><option value='Bahamas' >Bahamas<\/option><option value='Bonaire' >Bonaire<\/option><option value='BVI' >BVI<\/option><option value='Curacao' >Curacao<\/option><option value='Dominica' >Dominica<\/option><option value='Grenada' >Grenada<\/option><option value='Montserrat' >Montserrat<\/option><option value='Nevis' >Nevis<\/option><option value='Saba' >Saba<\/option><option value='St Barthelemy' >St Barthelemy<\/option><option value='St. Eustatius' >St. Eustatius<\/option><option value='St. Kitts' >St. Kitts<\/option><option value='St. Lucia' >St. Lucia<\/option><option value='St. Maarten' >St. Maarten<\/option><option value='French Operations' >French Operations<\/option><option value='St. Vincent' >St. Vincent<\/option><option value='Trinidad &amp; Tobago' >Trinidad &amp; Tobago<\/option><option value='Turks &amp; Caicos Islands' >Turks &amp; Caicos Islands<\/option><option value='St. Martin' >St. Martin<\/option><\/select><\/div><\/li><li id=\"field_8_2\"  class=\"gfield gfield--type-text hide_lbl gfield_contains_required field_sublabel_below gfield--no-description field_description_below gfield_visibility_visible\"  data-js-reload=\"field_8_2\"><label class='gfield_label gform-field-label' for='input_8_2' >First name<span class=\"gfield_required\"><span class=\"gfield_required gfield_required_asterisk\">*<\/span><\/span><\/label><div class='ginput_container ginput_container_text'><input name='input_2' id='input_8_2' type='text' value='' class='large' maxlength='35'   placeholder='First name' aria-required=\"true\" aria-invalid=\"false\"   \/> <\/div><\/li><li id=\"field_8_3\"  class=\"gfield gfield--type-text hide_lbl gfield_contains_required field_sublabel_below gfield--no-description field_description_below gfield_visibility_visible\"  data-js-reload=\"field_8_3\"><label class='gfield_label gform-field-label' for='input_8_3' >Last name<span class=\"gfield_required\"><span class=\"gfield_required gfield_required_asterisk\">*<\/span><\/span><\/label><div class='ginput_container ginput_container_text'><input name='input_3' id='input_8_3' type='text' value='' class='large' maxlength='50'   placeholder='Last name' aria-required=\"true\" aria-invalid=\"false\"   \/> <\/div><\/li><li id=\"field_8_4\"  class=\"gfield gfield--type-text hide_lbl gfield_contains_required field_sublabel_below gfield--no-description field_description_below gfield_visibility_visible\"  data-js-reload=\"field_8_4\"><label class='gfield_label gform-field-label' for='input_8_4' >Phone number<span class=\"gfield_required\"><span class=\"gfield_required gfield_required_asterisk\">*<\/span><\/span><\/label><div class='ginput_container ginput_container_text'><input name='input_4' id='input_8_4' type='text' value='' class='large' maxlength='20'   placeholder='Phone number' aria-required=\"true\" aria-invalid=\"false\"   \/> <\/div><\/li><li id=\"field_8_9\"  class=\"gfield gfield--type-email hide_lbl gfield_contains_required field_sublabel_below gfield--no-description field_description_below gfield_visibility_visible\"  data-js-reload=\"field_8_9\"><label class='gfield_label gform-field-label' for='input_8_9' >Email address<span class=\"gfield_required\"><span class=\"gfield_required gfield_required_asterisk\">*<\/span><\/span><\/label><div class='ginput_container ginput_container_email'>\n                            <input name='input_9' id='input_8_9' type='text' value='' class='large'   placeholder='Email address' aria-required=\"true\" aria-invalid=\"false\"  \/>\n                        <\/div><\/li><li id=\"field_8_12\"  class=\"gfield gfield--type-radio gfield--type-choice gfield_contains_required field_sublabel_below gfield--no-description field_description_below gfield_visibility_visible\"  data-js-reload=\"field_8_12\"><label class='gfield_label gform-field-label'  >Product \/ Service<span class=\"gfield_required\"><span class=\"gfield_required gfield_required_asterisk\">*<\/span><\/span><\/label><div class='ginput_container ginput_container_radio'><ul class='gfield_radio' id='input_8_12'>\n\t\t\t<li class='gchoice gchoice_8_12_0'>\n\t\t\t\t<input name='input_12' type='radio' value='Product'  id='choice_8_12_0'    \/>\n\t\t\t\t<label for='choice_8_12_0' id='label_8_12_0' class='gform-field-label gform-field-label--type-inline'>Product<\/label>\n\t\t\t<\/li>\n\t\t\t<li class='gchoice gchoice_8_12_1'>\n\t\t\t\t<input name='input_12' type='radio' value='Service'  id='choice_8_12_1'    \/>\n\t\t\t\t<label for='choice_8_12_1' id='label_8_12_1' class='gform-field-label gform-field-label--type-inline'>Service<\/label>\n\t\t\t<\/li><\/ul><\/div><\/li><li id=\"field_8_14\"  class=\"gfield gfield--type-checkbox gfield--type-choice gfield_contains_required field_sublabel_below gfield--no-description field_description_below gfield_visibility_visible\"  data-js-reload=\"field_8_14\"><label class='gfield_label gform-field-label screen-reader-text gfield_label_before_complex'  ><span class=\"gfield_required\"><span class=\"gfield_required gfield_required_asterisk\">*<\/span><\/span><\/label><div class='ginput_container ginput_container_checkbox'><ul class='gfield_checkbox' id='input_8_14'><li class='gchoice gchoice_select_all'>\n\t\t\t\t\t\t<input class='gfield-choice-input' type='checkbox' id='choice_14_select_all'   onclick='gformToggleCheckboxes( this )' onkeypress='gformToggleCheckboxes( this )' \/>\n\t\t\t\t\t\t<label for='choice_14_select_all' id='label_14_select_all' class='gform-field-label  gform-field-label--type-inline' data-label-select='Tout s\u00e9lectionner' data-label-deselect='Tout d\u00e9s\u00e9lectionner'>Tout s\u00e9lectionner<\/label>\n\t\t\t\t\t<\/li><li class='gchoice gchoice_8_14_1'>\n\t\t\t\t\t\t\t\t<input class='gfield-choice-input' name='input_14.1' type='checkbox'  value='Property'  id='choice_8_14_1'   \/>\n\t\t\t\t\t\t\t\t<label for='choice_8_14_1' id='label_8_14_1' class='gform-field-label gform-field-label--type-inline'>Property<\/label>\n\t\t\t\t\t\t\t<\/li><li class='gchoice gchoice_8_14_2'>\n\t\t\t\t\t\t\t\t<input class='gfield-choice-input' name='input_14.2' type='checkbox'  value='Motor'  id='choice_8_14_2'   \/>\n\t\t\t\t\t\t\t\t<label for='choice_8_14_2' id='label_8_14_2' class='gform-field-label gform-field-label--type-inline'>Motor<\/label>\n\t\t\t\t\t\t\t<\/li><li class='gchoice gchoice_8_14_3'>\n\t\t\t\t\t\t\t\t<input class='gfield-choice-input' name='input_14.3' type='checkbox'  value='Medical'  id='choice_8_14_3'   \/>\n\t\t\t\t\t\t\t\t<label for='choice_8_14_3' id='label_8_14_3' class='gform-field-label gform-field-label--type-inline'>Medical<\/label>\n\t\t\t\t\t\t\t<\/li><li class='gchoice gchoice_8_14_4'>\n\t\t\t\t\t\t\t\t<input class='gfield-choice-input' name='input_14.4' type='checkbox'  value='Life'  id='choice_8_14_4'   \/>\n\t\t\t\t\t\t\t\t<label for='choice_8_14_4' id='label_8_14_4' class='gform-field-label gform-field-label--type-inline'>Life<\/label>\n\t\t\t\t\t\t\t<\/li><li class='gchoice gchoice_8_14_5'>\n\t\t\t\t\t\t\t\t<input class='gfield-choice-input' name='input_14.5' type='checkbox'  value='Other'  id='choice_8_14_5'   \/>\n\t\t\t\t\t\t\t\t<label for='choice_8_14_5' id='label_8_14_5' class='gform-field-label gform-field-label--type-inline'>Other<\/label>\n\t\t\t\t\t\t\t<\/li><\/ul><\/div><\/li><li id=\"field_8_8\"  class=\"gfield gfield--type-textarea hide_lbl gfield_contains_required field_sublabel_below gfield--no-description field_description_below gfield_visibility_visible\"  data-js-reload=\"field_8_8\"><label class='gfield_label gform-field-label' for='input_8_8' >Your message<span class=\"gfield_required\"><span class=\"gfield_required gfield_required_asterisk\">*<\/span><\/span><\/label><div class='ginput_container ginput_container_textarea'><textarea name='input_8' id='input_8_8' class='textarea medium'   maxlength='300' placeholder='Your message' aria-required=\"true\" aria-invalid=\"false\"   rows='10' cols='50'><\/textarea><\/div><\/li><li id=\"field_8_15\"  class=\"gfield gfield--type-textarea hide_lbl gfield_contains_required field_sublabel_below gfield--no-description field_description_below gfield_visibility_visible\"  data-js-reload=\"field_8_15\"><label class='gfield_label gform-field-label' for='input_8_15' >Your message<span class=\"gfield_required\"><span class=\"gfield_required gfield_required_asterisk\">*<\/span><\/span><\/label><div class='ginput_container ginput_container_textarea'><textarea name='input_15' id='input_8_15' class='textarea medium'   maxlength='300' placeholder='Your message' aria-required=\"true\" aria-invalid=\"false\"   rows='10' cols='50'><\/textarea><\/div><\/li><li id=\"field_8_7\"  class=\"gfield gfield--type-text hide_lbl field_sublabel_below gfield--no-description field_description_below gfield_visibility_visible\"  data-js-reload=\"field_8_7\"><label class='gfield_label gform-field-label' for='input_8_7' >Policy number<\/label><div class='ginput_container ginput_container_text'><input name='input_7' id='input_8_7' type='text' value='' class='large' maxlength='11'   placeholder='Policy number'  aria-invalid=\"false\"   \/> <\/div><\/li><li id=\"field_8_16\"  class=\"gfield gfield--type-textarea hide_lbl gfield_contains_required field_sublabel_below gfield--no-description field_description_below gfield_visibility_visible\"  data-js-reload=\"field_8_16\"><label class='gfield_label gform-field-label' for='input_8_16' >Your message<span class=\"gfield_required\"><span class=\"gfield_required gfield_required_asterisk\">*<\/span><\/span><\/label><div class='ginput_container ginput_container_textarea'><textarea name='input_16' id='input_8_16' class='textarea medium'   maxlength='300' placeholder='Your message' aria-required=\"true\" aria-invalid=\"false\"   rows='10' cols='50'><\/textarea><\/div><\/li><li id=\"field_8_10\"  class=\"gfield gfield--type-captcha captcha-li-row field_sublabel_below gfield--no-description field_description_below gfield_visibility_visible\"  data-js-reload=\"field_8_10\"><label class='gfield_label gform-field-label' for='input_8_10' >CAPTCHA<\/label><div id='input_8_10' class='ginput_container ginput_recaptcha' data-sitekey='6LfRbi8UAAAAAAXrDCMLojuFXYyvmAI5NwrKzLmC'  data-theme='light' data-tabindex='0'  data-badge=''><\/div><\/li><li id=\"field_8_17\"  class=\"gfield gfield--type-honeypot gform_validation_container field_sublabel_below gfield--has-description field_description_below gfield_visibility_visible\"  data-js-reload=\"field_8_17\"><label class='gfield_label gform-field-label' for='input_8_17' >Phone<\/label><div class='ginput_container'><input name='input_17' id='input_8_17' type='text' value='' \/><\/div><div class='gfield_description' id='gfield_description_8_17'>Ce champ n\u2019est utilis\u00e9 qu\u2019\u00e0 des fins de validation et devrait rester inchang\u00e9.<\/div><\/li><\/ul><\/div>\n        <div class='gform_footer top_label'> <input type='submit' id='gform_submit_button_8' class='gform_button button' value='Submit'  onclick='if(window[\"gf_submitting_8\"]){return false;}  window[\"gf_submitting_8\"]=true;  ' onkeypress='if( event.keyCode == 13 ){ if(window[\"gf_submitting_8\"]){return false;} window[\"gf_submitting_8\"]=true;  jQuery(\"#gform_8\").trigger(\"submit\",[true]); }' \/> <input type='hidden' name='gform_ajax' value='form_id=8&amp;title=&amp;description=&amp;tabindex=0&amp;theme=data-form-theme=&#039;legacy&#039;' \/>\n            <input type='hidden' class='gform_hidden' name='is_submit_8' value='1' \/>\n            <input type='hidden' class='gform_hidden' name='gform_submit' value='8' \/>\n            \n            <input type='hidden' class='gform_hidden' name='gform_unique_id' value='' \/>\n            <input type='hidden' class='gform_hidden' name='state_8' value='WyJbXSIsIjAwNmQxNTA1YjRmN2M5NzJkNWU2MmY0ZDJlY2Q5ZmNiIl0=' \/>\n            <input type='hidden' class='gform_hidden' name='gform_target_page_number_8' id='gform_target_page_number_8' value='0' \/>\n            <input type='hidden' class='gform_hidden' name='gform_source_page_number_8' id='gform_source_page_number_8' value='1' \/>\n            <input type='hidden' name='gform_field_values' value='' \/>\n            \n        <\/div>\n                        <\/form>\n                        <\/div>\n\t\t                <iframe style='display:none;width:0px;height:0px;' src='about:blank' name='gform_ajax_frame_8' id='gform_ajax_frame_8' title='Cette iframe contient la logique n\u00e9cessaire pour manipuler Gravity Forms avec Ajax.'><\/iframe>\n\t\t                <script type=\"text\/javascript\">\n\/* <![CDATA[ *\/\n gform.initializeOnLoaded( function() {gformInitSpinner( 8, 'https:\/\/www.nagico.com\/wp-content\/plugins\/gravityforms\/images\/spinner.svg', true );jQuery('#gform_ajax_frame_8').on('load',function(){var contents = jQuery(this).contents().find('*').html();var is_postback = contents.indexOf('GF_AJAX_POSTBACK') >= 0;if(!is_postback){return;}var form_content = jQuery(this).contents().find('#gform_wrapper_8');var is_confirmation = jQuery(this).contents().find('#gform_confirmation_wrapper_8').length > 0;var is_redirect = contents.indexOf('gformRedirect(){') >= 0;var is_form = form_content.length > 0 && ! is_redirect && ! is_confirmation;var mt = parseInt(jQuery('html').css('margin-top'), 10) + parseInt(jQuery('body').css('margin-top'), 10) + 100;if(is_form){jQuery('#gform_wrapper_8').html(form_content.html());if(form_content.hasClass('gform_validation_error')){jQuery('#gform_wrapper_8').addClass('gform_validation_error');} else {jQuery('#gform_wrapper_8').removeClass('gform_validation_error');}setTimeout( function() { \/* delay the scroll by 50 milliseconds to fix a bug in chrome *\/ jQuery(document).scrollTop(jQuery('#gform_wrapper_8').offset().top - mt); }, 50 );if(window['gformInitDatepicker']) {gformInitDatepicker();}if(window['gformInitPriceFields']) {gformInitPriceFields();}var current_page = jQuery('#gform_source_page_number_8').val();gformInitSpinner( 8, 'https:\/\/www.nagico.com\/wp-content\/plugins\/gravityforms\/images\/spinner.svg', true );jQuery(document).trigger('gform_page_loaded', [8, current_page]);window['gf_submitting_8'] = false;}else if(!is_redirect){var confirmation_content = jQuery(this).contents().find('.GF_AJAX_POSTBACK').html();if(!confirmation_content){confirmation_content = contents;}setTimeout(function(){jQuery('#gform_wrapper_8').replaceWith(confirmation_content);jQuery(document).scrollTop(jQuery('#gf_8').offset().top - mt);jQuery(document).trigger('gform_confirmation_loaded', [8]);window['gf_submitting_8'] = false;wp.a11y.speak(jQuery('#gform_confirmation_message_8').text());}, 50);}else{jQuery('#gform_8').append(contents);if(window['gformRedirect']) {gformRedirect();}}jQuery(document).trigger('gform_post_render', [8, current_page]);gform.utils.trigger({ event: 'gform\/postRender', native: false, data: { formId: 8, currentPage: current_page } });} );} ); \n\/* ]]> *\/\n<\/script>\n\n","protected":false},"excerpt":{"rendered":"","protected":false},"author":2,"featured_media":0,"parent":0,"menu_order":4,"comment_status":"closed","ping_status":"closed","template":"template-contact.php","meta":{"_eb_attr":"","_uf_show_specific_survey":0,"_uf_disable_surveys":false,"footnotes":""},"class_list":["post-1215","page","type-page","status-publish","hentry"],"_links":{"self":[{"href":"https:\/\/www.nagico.com\/fr\/wp-json\/wp\/v2\/pages\/1215","targetHints":{"allow":["GET"]}}],"collection":[{"href":"https:\/\/www.nagico.com\/fr\/wp-json\/wp\/v2\/pages"}],"about":[{"href":"https:\/\/www.nagico.com\/fr\/wp-json\/wp\/v2\/types\/page"}],"author":[{"embeddable":true,"href":"https:\/\/www.nagico.com\/fr\/wp-json\/wp\/v2\/users\/2"}],"replies":[{"embeddable":true,"href":"https:\/\/www.nagico.com\/fr\/wp-json\/wp\/v2\/comments?post=1215"}],"version-history":[{"count":7,"href":"https:\/\/www.nagico.com\/fr\/wp-json\/wp\/v2\/pages\/1215\/revisions"}],"predecessor-version":[{"id":2084,"href":"https:\/\/www.nagico.com\/fr\/wp-json\/wp\/v2\/pages\/1215\/revisions\/2084"}],"wp:attachment":[{"href":"https:\/\/www.nagico.com\/fr\/wp-json\/wp\/v2\/media?parent=1215"}],"curies":[{"name":"wp","href":"https:\/\/api.w.org\/{rel}","templated":true}]}}